{"id":1709,"date":"2025-03-19T16:08:57","date_gmt":"2025-03-19T15:08:57","guid":{"rendered":"https:\/\/www.shareadinner.be\/testimonials\/"},"modified":"2025-04-14T10:52:16","modified_gmt":"2025-04-14T08:52:16","slug":"temoignages","status":"publish","type":"page","link":"https:\/\/www.shareadinner.be\/fr\/temoignages\/","title":{"rendered":"T\u00e9moignages"},"content":{"rendered":"\t\t<div data-elementor-type=\"wp-page\" data-elementor-id=\"1709\" class=\"elementor elementor-1709 elementor-187\" data-elementor-post-type=\"page\">\n\t\t\t\t<div class=\"elementor-element elementor-element-4a39655 e-flex e-con-boxed e-con e-parent\" data-id=\"4a39655\" data-element_type=\"container\" data-e-type=\"container\" data-settings=\"{&quot;background_background&quot;:&quot;classic&quot;}\">\n\t\t\t\t\t<div class=\"e-con-inner\">\n\t\t<div class=\"elementor-element elementor-element-ee01afd e-con-full e-flex e-con e-child\" data-id=\"ee01afd\" data-element_type=\"container\" data-e-type=\"container\" data-settings=\"{&quot;background_background&quot;:&quot;classic&quot;,&quot;position&quot;:&quot;absolute&quot;}\">\n\t\t\t\t<div class=\"elementor-element elementor-element-2f03585 elementor-widget elementor-widget-text-editor\" data-id=\"2f03585\" data-element_type=\"widget\" data-e-type=\"widget\" data-widget_type=\"text-editor.default\">\n\t\t\t\t<div class=\"elementor-widget-container\">\n\t\t\t\t\t\t\t\t\t<p>Scroll down<\/p>\t\t\t\t\t\t\t\t<\/div>\n\t\t\t\t<\/div>\n\t\t\t\t<div class=\"elementor-element elementor-element-4ff302c elementor-widget elementor-widget-image\" data-id=\"4ff302c\" data-element_type=\"widget\" data-e-type=\"widget\" data-widget_type=\"image.default\">\n\t\t\t\t<div class=\"elementor-widget-container\">\n\t\t\t\t\t\t\t\t\t\t\t\t\t\t\t<img decoding=\"async\" width=\"33\" height=\"17\" src=\"https:\/\/www.shareadinner.be\/wp-content\/uploads\/2025\/03\/chevron-down.svg\" class=\"attachment-large size-large wp-image-1485\" alt=\"\" \/>\t\t\t\t\t\t\t\t\t\t\t\t\t\t\t<\/div>\n\t\t\t\t<\/div>\n\t\t\t\t<\/div>\n\t\t\t\t\t<\/div>\n\t\t\t\t<\/div>\n\t\t<div class=\"elementor-element elementor-element-b7acf10 e-grid container e-con-boxed e-con e-parent\" data-id=\"b7acf10\" data-element_type=\"container\" data-e-type=\"container\">\n\t\t\t\t\t<div class=\"e-con-inner\">\n\t\t<div class=\"elementor-element elementor-element-55bf031 e-con-full e-flex e-con e-child\" data-id=\"55bf031\" data-element_type=\"container\" data-e-type=\"container\">\n\t\t\t\t<div class=\"elementor-element elementor-element-a019782 elementor-widget elementor-widget-image\" data-id=\"a019782\" data-element_type=\"widget\" data-e-type=\"widget\" data-widget_type=\"image.default\">\n\t\t\t\t<div class=\"elementor-widget-container\">\n\t\t\t\t\t\t\t\t\t\t\t\t\t\t\t<img fetchpriority=\"high\" decoding=\"async\" width=\"800\" height=\"534\" src=\"https:\/\/www.shareadinner.be\/wp-content\/uploads\/2025\/03\/beste-catering-pajottenland-1024x683.jpg\" class=\"attachment-large size-large wp-image-1487\" alt=\"\" srcset=\"https:\/\/www.shareadinner.be\/wp-content\/uploads\/2025\/03\/beste-catering-pajottenland-1024x683.jpg 1024w, https:\/\/www.shareadinner.be\/wp-content\/uploads\/2025\/03\/beste-catering-pajottenland-300x200.jpg 300w, https:\/\/www.shareadinner.be\/wp-content\/uploads\/2025\/03\/beste-catering-pajottenland-768x512.jpg 768w, https:\/\/www.shareadinner.be\/wp-content\/uploads\/2025\/03\/beste-catering-pajottenland-1536x1024.jpg 1536w, https:\/\/www.shareadinner.be\/wp-content\/uploads\/2025\/03\/beste-catering-pajottenland-2048x1365.jpg 2048w\" sizes=\"(max-width: 800px) 100vw, 800px\" \/>\t\t\t\t\t\t\t\t\t\t\t\t\t\t\t<\/div>\n\t\t\t\t<\/div>\n\t\t\t\t<div class=\"elementor-element elementor-element-b3f78ce elementor-absolute elementor-widget elementor-widget-image\" data-id=\"b3f78ce\" data-element_type=\"widget\" data-e-type=\"widget\" data-settings=\"{&quot;_position&quot;:&quot;absolute&quot;}\" data-widget_type=\"image.default\">\n\t\t\t\t<div class=\"elementor-widget-container\">\n\t\t\t\t\t\t\t\t\t\t\t\t\t\t\t<img decoding=\"async\" width=\"201\" height=\"156\" src=\"https:\/\/www.shareadinner.be\/wp-content\/uploads\/2025\/03\/quotes.svg\" class=\"attachment-large size-large wp-image-1297\" alt=\"\" \/>\t\t\t\t\t\t\t\t\t\t\t\t\t\t\t<\/div>\n\t\t\t\t<\/div>\n\t\t\t\t<\/div>\n\t\t<div class=\"elementor-element elementor-element-b554f2a e-con-full e-flex e-con e-child\" data-id=\"b554f2a\" data-element_type=\"container\" data-e-type=\"container\">\n\t\t\t\t<div class=\"elementor-element elementor-element-a0e366a elementor-widget elementor-widget-text-editor\" data-id=\"a0e366a\" data-element_type=\"widget\" data-e-type=\"widget\" data-widget_type=\"text-editor.default\">\n\t\t\t\t<div class=\"elementor-widget-container\">\n\t\t\t\t\t\t\t\t\t<div><span lang=\"FR\">Nous profitons encore chaque jour de la magnifique f\u00eate. C&rsquo;\u00e9tait en effet un parcours incroyable, mais quelle finale ! Il y a 1,5 an, je n&rsquo;aurais jamais os\u00e9 r\u00eaver que tout se passerait aussi parfaitement. Merci \u00e0 toi et \u00e0 ton \u00e9quipe pour vos bons soins. Ils nous ont chouchout\u00e9s comme des princes et des princesses et nous avons profit\u00e9 de chaque seconde. Nous faisons d\u00e9j\u00e0 \u00e9norm\u00e9ment de publicit\u00e9 pour toi et ton \u00e9quipe, car vous \u00eates pr\u00e9cieux comme de l\u2019or ! <\/span><\/div>\t\t\t\t\t\t\t\t<\/div>\n\t\t\t\t<\/div>\n\t\t<div class=\"elementor-element elementor-element-2dece1a e-con-full e-flex e-con e-child\" data-id=\"2dece1a\" data-element_type=\"container\" data-e-type=\"container\">\n\t\t\t\t<div class=\"elementor-element elementor-element-1dc37d3 elementor-widget elementor-widget-text-editor\" data-id=\"1dc37d3\" data-element_type=\"widget\" data-e-type=\"widget\" data-widget_type=\"text-editor.default\">\n\t\t\t\t<div class=\"elementor-widget-container\">\n\t\t\t\t\t\t\t\t\t<p>S. &amp; V.<\/p>\t\t\t\t\t\t\t\t<\/div>\n\t\t\t\t<\/div>\n\t\t\t\t<\/div>\n\t\t\t\t<\/div>\n\t\t\t\t\t<\/div>\n\t\t\t\t<\/div>\n\t\t<div class=\"elementor-element elementor-element-6bf26e2 e-grid container e-con-boxed e-con e-parent\" data-id=\"6bf26e2\" data-element_type=\"container\" data-e-type=\"container\">\n\t\t\t\t\t<div class=\"e-con-inner\">\n\t\t<div class=\"elementor-element elementor-element-dfa9f9c e-con-full e-flex e-con e-child\" data-id=\"dfa9f9c\" data-element_type=\"container\" data-e-type=\"container\">\n\t\t\t\t<div class=\"elementor-element elementor-element-3b0640f elementor-widget elementor-widget-text-editor\" data-id=\"3b0640f\" data-element_type=\"widget\" data-e-type=\"widget\" data-widget_type=\"text-editor.default\">\n\t\t\t\t<div class=\"elementor-widget-container\">\n\t\t\t\t\t\t\t\t\t<div><span lang=\"FR\">Ch\u00e8re \u00e9quipe de Share A Dinner, nous tenons \u00e0 vous remercier chaleureusement pour cette journ\u00e9e magnifique ! La nourriture \u00e9tait d\u00e9licieuse, tout \u00e9tait magnifique et nos invit\u00e9s ainsi que nous avons vraiment beaucoup profit\u00e9. Un grand merci \u00e0 Luk qui nous a accord\u00e9 une attention particuli\u00e8re tout au long de la journ\u00e9e. Vous \u00eates un super traiteur.<\/span><\/div>\t\t\t\t\t\t\t\t<\/div>\n\t\t\t\t<\/div>\n\t\t<div class=\"elementor-element elementor-element-7fda1d9 e-con-full e-flex e-con e-child\" data-id=\"7fda1d9\" data-element_type=\"container\" data-e-type=\"container\">\n\t\t\t\t<div class=\"elementor-element elementor-element-c74f0e5 elementor-widget elementor-widget-text-editor\" data-id=\"c74f0e5\" data-element_type=\"widget\" data-e-type=\"widget\" data-widget_type=\"text-editor.default\">\n\t\t\t\t<div class=\"elementor-widget-container\">\n\t\t\t\t\t\t\t\t\t<p>C. &amp; J.<\/p>\t\t\t\t\t\t\t\t<\/div>\n\t\t\t\t<\/div>\n\t\t\t\t<\/div>\n\t\t\t\t<\/div>\n\t\t<div class=\"elementor-element elementor-element-9c0f12b e-con-full e-flex e-con e-child\" data-id=\"9c0f12b\" data-element_type=\"container\" data-e-type=\"container\">\n\t\t\t\t<div class=\"elementor-element elementor-element-17cedb2 elementor-widget elementor-widget-image\" data-id=\"17cedb2\" data-element_type=\"widget\" data-e-type=\"widget\" data-widget_type=\"image.default\">\n\t\t\t\t<div class=\"elementor-widget-container\">\n\t\t\t\t\t\t\t\t\t\t\t\t\t\t\t<img loading=\"lazy\" decoding=\"async\" width=\"800\" height=\"534\" src=\"https:\/\/www.shareadinner.be\/wp-content\/uploads\/2025\/03\/share-a-dinner-review-1024x683.jpg\" class=\"attachment-large size-large wp-image-1491\" alt=\"\" srcset=\"https:\/\/www.shareadinner.be\/wp-content\/uploads\/2025\/03\/share-a-dinner-review-1024x683.jpg 1024w, https:\/\/www.shareadinner.be\/wp-content\/uploads\/2025\/03\/share-a-dinner-review-300x200.jpg 300w, https:\/\/www.shareadinner.be\/wp-content\/uploads\/2025\/03\/share-a-dinner-review-768x512.jpg 768w, https:\/\/www.shareadinner.be\/wp-content\/uploads\/2025\/03\/share-a-dinner-review-1536x1024.jpg 1536w, https:\/\/www.shareadinner.be\/wp-content\/uploads\/2025\/03\/share-a-dinner-review-2048x1365.jpg 2048w\" sizes=\"(max-width: 800px) 100vw, 800px\" \/>\t\t\t\t\t\t\t\t\t\t\t\t\t\t\t<\/div>\n\t\t\t\t<\/div>\n\t\t\t\t<\/div>\n\t\t\t\t\t<\/div>\n\t\t\t\t<\/div>\n\t\t<div class=\"elementor-element elementor-element-db6d367 e-grid container e-con-boxed e-con e-parent\" data-id=\"db6d367\" data-element_type=\"container\" data-e-type=\"container\">\n\t\t\t\t\t<div class=\"e-con-inner\">\n\t\t<div class=\"elementor-element elementor-element-b798116 e-con-full e-flex e-con e-child\" data-id=\"b798116\" data-element_type=\"container\" data-e-type=\"container\">\n\t\t\t\t<div class=\"elementor-element elementor-element-137a996 elementor-widget elementor-widget-image\" data-id=\"137a996\" data-element_type=\"widget\" data-e-type=\"widget\" data-widget_type=\"image.default\">\n\t\t\t\t<div class=\"elementor-widget-container\">\n\t\t\t\t\t\t\t\t\t\t\t\t\t\t\t<img loading=\"lazy\" decoding=\"async\" width=\"683\" height=\"1024\" src=\"https:\/\/www.shareadinner.be\/wp-content\/uploads\/2025\/03\/share-a-dinner-score-683x1024.jpg\" class=\"attachment-large size-large wp-image-1493\" alt=\"\" srcset=\"https:\/\/www.shareadinner.be\/wp-content\/uploads\/2025\/03\/share-a-dinner-score-683x1024.jpg 683w, https:\/\/www.shareadinner.be\/wp-content\/uploads\/2025\/03\/share-a-dinner-score-200x300.jpg 200w, https:\/\/www.shareadinner.be\/wp-content\/uploads\/2025\/03\/share-a-dinner-score-768x1152.jpg 768w, https:\/\/www.shareadinner.be\/wp-content\/uploads\/2025\/03\/share-a-dinner-score-1024x1536.jpg 1024w, https:\/\/www.shareadinner.be\/wp-content\/uploads\/2025\/03\/share-a-dinner-score.jpg 1067w\" sizes=\"(max-width: 683px) 100vw, 683px\" \/>\t\t\t\t\t\t\t\t\t\t\t\t\t\t\t<\/div>\n\t\t\t\t<\/div>\n\t\t\t\t<\/div>\n\t\t<div class=\"elementor-element elementor-element-2adc8b2 e-con-full e-flex e-con e-child\" data-id=\"2adc8b2\" data-element_type=\"container\" data-e-type=\"container\">\n\t\t\t\t<div class=\"elementor-element elementor-element-c9f3e3a elementor-widget elementor-widget-text-editor\" data-id=\"c9f3e3a\" data-element_type=\"widget\" data-e-type=\"widget\" data-widget_type=\"text-editor.default\">\n\t\t\t\t<div class=\"elementor-widget-container\">\n\t\t\t\t\t\t\t\t\t<div><span lang=\"FR\">Le mariage \u00e9tait incroyable, tout \u00e9tait parfait ! Nos invit\u00e9s et nous-m\u00eames \u00e9tions extr\u00eamement impressionn\u00e9s par la nourriture, les boissons et l&rsquo;organisation. Nous n&rsquo;aurions pas pu r\u00eaver mieux !<\/span><\/div>\t\t\t\t\t\t\t\t<\/div>\n\t\t\t\t<\/div>\n\t\t<div class=\"elementor-element elementor-element-3102f01 e-con-full e-flex e-con e-child\" data-id=\"3102f01\" data-element_type=\"container\" data-e-type=\"container\">\n\t\t\t\t<div class=\"elementor-element elementor-element-c0c36e7 elementor-widget elementor-widget-text-editor\" data-id=\"c0c36e7\" data-element_type=\"widget\" data-e-type=\"widget\" data-widget_type=\"text-editor.default\">\n\t\t\t\t<div class=\"elementor-widget-container\">\n\t\t\t\t\t\t\t\t\t<p>C. &amp; M.<\/p>\t\t\t\t\t\t\t\t<\/div>\n\t\t\t\t<\/div>\n\t\t\t\t<\/div>\n\t\t\t\t<\/div>\n\t\t\t\t\t<\/div>\n\t\t\t\t<\/div>\n\t\t<div class=\"elementor-element elementor-element-7b3fca2 e-grid container e-con-boxed e-con e-parent\" data-id=\"7b3fca2\" data-element_type=\"container\" data-e-type=\"container\">\n\t\t\t\t\t<div class=\"e-con-inner\">\n\t\t<div class=\"elementor-element elementor-element-f7f18a0 e-con-full e-flex e-con e-child\" data-id=\"f7f18a0\" data-element_type=\"container\" data-e-type=\"container\">\n\t\t\t\t<div class=\"elementor-element elementor-element-43c5947 elementor-widget elementor-widget-text-editor\" data-id=\"43c5947\" data-element_type=\"widget\" data-e-type=\"widget\" data-widget_type=\"text-editor.default\">\n\t\t\t\t<div class=\"elementor-widget-container\">\n\t\t\t\t\t\t\t\t\t<div><span lang=\"FR\">C&rsquo;\u00e9tait vraiment super, nous en avons vraiment beaucoup profit\u00e9 ! Encore un grand merci \u00e0 toi et \u00e0 ton \u00e9quipe ! <\/span><\/div>\t\t\t\t\t\t\t\t<\/div>\n\t\t\t\t<\/div>\n\t\t<div class=\"elementor-element elementor-element-724e430 e-con-full e-flex e-con e-child\" data-id=\"724e430\" data-element_type=\"container\" data-e-type=\"container\">\n\t\t\t\t<div class=\"elementor-element elementor-element-6d3f43c elementor-widget elementor-widget-text-editor\" data-id=\"6d3f43c\" data-element_type=\"widget\" data-e-type=\"widget\" data-widget_type=\"text-editor.default\">\n\t\t\t\t<div class=\"elementor-widget-container\">\n\t\t\t\t\t\t\t\t\t<p>A. &amp; M.<\/p>\t\t\t\t\t\t\t\t<\/div>\n\t\t\t\t<\/div>\n\t\t\t\t<\/div>\n\t\t\t\t<\/div>\n\t\t<div class=\"elementor-element elementor-element-33b6ebf e-con-full e-flex e-con e-child\" data-id=\"33b6ebf\" data-element_type=\"container\" data-e-type=\"container\">\n\t\t\t\t<div class=\"elementor-element elementor-element-0e03452 elementor-widget elementor-widget-image\" data-id=\"0e03452\" data-element_type=\"widget\" data-e-type=\"widget\" data-widget_type=\"image.default\">\n\t\t\t\t<div class=\"elementor-widget-container\">\n\t\t\t\t\t\t\t\t\t\t\t\t\t\t\t<img loading=\"lazy\" decoding=\"async\" width=\"800\" height=\"534\" src=\"https:\/\/www.shareadinner.be\/wp-content\/uploads\/2025\/03\/ervaring-share-a-dinner-1024x683.jpg\" class=\"attachment-large size-large wp-image-1489\" alt=\"\" srcset=\"https:\/\/www.shareadinner.be\/wp-content\/uploads\/2025\/03\/ervaring-share-a-dinner-1024x683.jpg 1024w, https:\/\/www.shareadinner.be\/wp-content\/uploads\/2025\/03\/ervaring-share-a-dinner-300x200.jpg 300w, https:\/\/www.shareadinner.be\/wp-content\/uploads\/2025\/03\/ervaring-share-a-dinner-768x512.jpg 768w, https:\/\/www.shareadinner.be\/wp-content\/uploads\/2025\/03\/ervaring-share-a-dinner-1536x1024.jpg 1536w, https:\/\/www.shareadinner.be\/wp-content\/uploads\/2025\/03\/ervaring-share-a-dinner-2048x1365.jpg 2048w\" sizes=\"(max-width: 800px) 100vw, 800px\" \/>\t\t\t\t\t\t\t\t\t\t\t\t\t\t\t<\/div>\n\t\t\t\t<\/div>\n\t\t\t\t<\/div>\n\t\t\t\t\t<\/div>\n\t\t\t\t<\/div>\n\t\t\t\t<\/div>\n\t\t","protected":false},"excerpt":{"rendered":"<p>Scroll down Nous profitons encore chaque jour de la magnifique f\u00eate. C&rsquo;\u00e9tait en effet un parcours incroyable, mais quelle finale ! Il y a 1,5 an, je n&rsquo;aurais jamais os\u00e9 r\u00eaver que tout se passerait aussi parfaitement. Merci \u00e0 toi et \u00e0 ton \u00e9quipe pour vos bons soins. Ils nous ont chouchout\u00e9s comme des princes [&hellip;]<\/p>\n","protected":false},"author":1,"featured_media":0,"parent":0,"menu_order":3,"comment_status":"closed","ping_status":"closed","template":"","meta":{"_acf_changed":false,"footnotes":""},"class_list":["post-1709","page","type-page","status-publish","hentry"],"acf":[],"_links":{"self":[{"href":"https:\/\/www.shareadinner.be\/fr\/wp-json\/wp\/v2\/pages\/1709","targetHints":{"allow":["GET"]}}],"collection":[{"href":"https:\/\/www.shareadinner.be\/fr\/wp-json\/wp\/v2\/pages"}],"about":[{"href":"https:\/\/www.shareadinner.be\/fr\/wp-json\/wp\/v2\/types\/page"}],"author":[{"embeddable":true,"href":"https:\/\/www.shareadinner.be\/fr\/wp-json\/wp\/v2\/users\/1"}],"replies":[{"embeddable":true,"href":"https:\/\/www.shareadinner.be\/fr\/wp-json\/wp\/v2\/comments?post=1709"}],"version-history":[{"count":4,"href":"https:\/\/www.shareadinner.be\/fr\/wp-json\/wp\/v2\/pages\/1709\/revisions"}],"predecessor-version":[{"id":1886,"href":"https:\/\/www.shareadinner.be\/fr\/wp-json\/wp\/v2\/pages\/1709\/revisions\/1886"}],"wp:attachment":[{"href":"https:\/\/www.shareadinner.be\/fr\/wp-json\/wp\/v2\/media?parent=1709"}],"curies":[{"name":"wp","href":"https:\/\/api.w.org\/{rel}","templated":true}]}}